{"id":2761,"date":"2021-04-29T16:47:20","date_gmt":"2021-04-29T14:47:20","guid":{"rendered":"https:\/\/digitalgovernance.unipv.it\/?page_id=2761"},"modified":"2021-08-18T18:43:35","modified_gmt":"2021-08-18T16:43:35","slug":"presentazione","status":"publish","type":"page","link":"https:\/\/digitalgovernance.unipv.it\/edizione-1\/presentazione\/","title":{"rendered":"Presentazione"},"content":{"rendered":"[et_pb_section fb_built=&#8221;1&#8243; admin_label=&#8221;section&#8221; _builder_version=&#8221;3.22&#8243;][et_pb_row admin_label=&#8221;row&#8221; _builder_version=&#8221;3.25&#8243; background_size=&#8221;initial&#8221; background_position=&#8221;top_left&#8221; background_repeat=&#8221;repeat&#8221; width=&#8221;100%&#8221; max_width=&#8221;100%&#8221;][et_pb_column type=&#8221;4_4&#8243; _builder_version=&#8221;3.25&#8243; custom_padding=&#8221;|||&#8221; custom_padding__hover=&#8221;|||&#8221;][et_pb_text admin_label=&#8221;Text&#8221; _builder_version=&#8221;4.8.2&#8243; _module_preset=&#8221;751233d0-5eb6-4f28-bbff-a2341e47d0e6&#8243; hover_enabled=&#8221;0&#8243; sticky_enabled=&#8221;0&#8243;]<p><\/p>\n<p style=\"text-align: justify;\">Le lezioni della International School in Digital Governance saranno tenute interamente in lingua inglese.\u00a0Esse si terranno in presenza, nella stupenda cornice delle aule storiche della Sede Centrale dell&#8217;Universit\u00e0 di Pavia, corrente in Corso Strada Nuova 65. In ogni caso, pur privilegiando la fruizione in presenza, sar\u00e0 garantita la possibilit\u00e0 di fruizione a distanza tramite webinar interattivi per il caso di impossibilit\u00e0 di svolgimento o di spostamento legate all&#8217;emergenza sanitaria.<\/p>\n<p style=\"text-align: justify;\"><i>L&#8217;International School in Digital Governance \u00e8 accreditata dal Consiglio Nazionale Forense per n. 18 CFP ovvero 3 CFP per singola giornata.<\/i><\/p>\n<p style=\"text-align: justify;\">Il Corso \u00e8 articolato in tre moduli aventi ad oggetto l\u2019utilizzo dei Big Data e dell\u2019Intelligenza artificiale nei processi aziendali. Per ognuno dei moduli sono previste due giornate di formazione, per un totale di sei giorni di lezioni, che si terranno nel weekend. Di seguito, l\u2019articolazione dei moduli e delle lezioni (in corso di definizione):<\/p>\n<h2 class=\"wp-block-heading\" style=\"text-align: justify;\"><strong>1st Module: Digital governance and Big Data<\/strong><\/h2>\n<ul style=\"text-align: justify;\">\n<li><em>Digital governance frameworks, strategies and processes<\/em><\/li>\n<li><em>Big Data for business decisions<\/em><\/li>\n<\/ul>\n<h2 style=\"text-align: justify;\"><strong>2nd Module: Information Security and Digital Transformation <\/strong><\/h2>\n<ul style=\"text-align: justify;\">\n<li><em>Cybersecurity and risk management<\/em><\/li>\n<li><em>Digital Business Transformation: building a business or organizational data infrastructure<\/em><\/li>\n<\/ul>\n<h2 style=\"text-align: justify;\"><strong>3rd Module: AI, Machine Learning and Predictive Analysis <\/strong><\/h2>\n<ul style=\"text-align: justify;\">\n<li><em>AI techniques and applications within companies and public administrations: organizational, technical and legal perspectives<\/em><\/li>\n<li><em>Machine Learning and Predictive Analysis techniques: implementation methods<\/em><\/li>\n<\/ul>\n<p>In attesa delle lezioni primaverili, \u00e8 stato previsto un modulo aggiuntivo e introduttivo, fruibile tramite video disponibili sul sito, secondo la seguente articolazione:<\/p>\n<p>Preliminary Module: Induction to Digital Transformation<\/p>\n<ul>\n<li>Deep State and Public law<\/li>\n<li>Introduction to Cyber Security<\/li>\n<li>Digital Transformation<\/li>\n<li>Digital trust evolution<\/li>\n<\/ul>\n<p>Sar\u00e0 inoltre disponibile una bibliografia di approfondimenti sui temi trattati dal corso.<\/p>\n<p style=\"text-align: justify;\">A fine programma i partecipanti che avranno seguito almeno il 70% delle lezioni riceveranno un attestato, previa elaborazione di un lavoro laboratoriale sui temi oggetto dell\u2019attivit\u00e0 di trasferimento tecnico-scientifico.<\/p>\n<p style=\"text-align: justify;\">Il Corso adopera metodologie didattiche innovative orientate a coinvolgere i partecipanti nel processo di formazione e apprendimento. Si intende strutturare il corso con le seguenti componenti di insegnamento:<\/p>\n<ul style=\"text-align: justify;\">\n<li><em>Overview\u00a0<\/em><em>tecnica<\/em><\/li>\n<li><em>Trend emergenti <\/em><\/li>\n<li><em>Case studies <\/em><\/li>\n<li><em>Business game<\/em><\/li>\n<li><em>Percorso personalizzato per ogni singolo discente con i coordinatori<\/em><\/li>\n<\/ul>\n<p style=\"text-align: justify;\">Verr\u00e0 prodotta al termine della School una <em><span style=\"text-decoration: underline;\">pubblicazione<\/span><\/em>, sia in lingua inglese che in italiano, con i contenuti trattati durante il corso e con specifiche interviste ai relatori sulle potenzialit\u00e0 e sulle applicazioni delle nuove tecnologie. Tale pubblicazione, oltre ad avere un carattere scientifico, avr\u00e0 altres\u00ec un taglio operativo suscettibile di destare interesse anche extra-accademico e potrebbe potenzialmente diventare oggetto di una collana annuale.<\/p>\n<p><\/p>[\/et_pb_text][\/et_pb_column][\/et_pb_row][\/et_pb_section]","protected":false},"excerpt":{"rendered":"<p>Le lezioni della International School in Digital Governance saranno tenute interamente in lingua inglese.\u00a0Esse si terranno in presenza, nella stupenda cornice delle aule storiche della Sede Centrale dell&#8217;Universit\u00e0 di Pavia, corrente in Corso Strada Nuova 65. In ogni caso, pur privilegiando la fruizione in presenza, sar\u00e0 garantita la possibilit\u00e0 di fruizione a distanza tramite webinar [&hellip;]<\/p>\n","protected":false},"author":1,"featured_media":0,"parent":0,"menu_order":0,"comment_status":"closed","ping_status":"closed","template":"","meta":{"_et_pb_use_builder":"on","_et_pb_old_content":"","_et_gb_content_width":"","_mc_calendar":[],"footnotes":""},"class_list":["post-2761","page","type-page","status-publish","hentry"],"_links":{"self":[{"href":"https:\/\/digitalgovernance.unipv.it\/edizione-1\/wp-json\/wp\/v2\/pages\/2761"}],"collection":[{"href":"https:\/\/digitalgovernance.unipv.it\/edizione-1\/wp-json\/wp\/v2\/pages"}],"about":[{"href":"https:\/\/digitalgovernance.unipv.it\/edizione-1\/wp-json\/wp\/v2\/types\/page"}],"author":[{"embeddable":true,"href":"https:\/\/digitalgovernance.unipv.it\/edizione-1\/wp-json\/wp\/v2\/users\/1"}],"replies":[{"embeddable":true,"href":"https:\/\/digitalgovernance.unipv.it\/edizione-1\/wp-json\/wp\/v2\/comments?post=2761"}],"version-history":[{"count":6,"href":"https:\/\/digitalgovernance.unipv.it\/edizione-1\/wp-json\/wp\/v2\/pages\/2761\/revisions"}],"predecessor-version":[{"id":3101,"href":"https:\/\/digitalgovernance.unipv.it\/edizione-1\/wp-json\/wp\/v2\/pages\/2761\/revisions\/3101"}],"wp:attachment":[{"href":"https:\/\/digitalgovernance.unipv.it\/edizione-1\/wp-json\/wp\/v2\/media?parent=2761"}],"curies":[{"name":"wp","href":"https:\/\/api.w.org\/{rel}","templated":true}]}}