{"id":2751,"date":"2021-04-29T16:43:31","date_gmt":"2021-04-29T14:43:31","guid":{"rendered":"https:\/\/digitalgovernance.unipv.it\/edizione-2\/?page_id=2751"},"modified":"2024-10-29T15:47:06","modified_gmt":"2024-10-29T14:47:06","slug":"iscrizione-e-costi","status":"publish","type":"page","link":"https:\/\/digitalgovernance.unipv.it\/edizione-2\/iscrizione-e-costi\/","title":{"rendered":"Iscrizione e costi"},"content":{"rendered":"<p>[et_pb_section fb_built=&#8221;1&#8243; _builder_version=&#8221;4.16&#8243; _module_preset=&#8221;default&#8221; global_colors_info=&#8221;{}&#8221; theme_builder_area=&#8221;post_content&#8221;][et_pb_row _builder_version=&#8221;4.16&#8243; _module_preset=&#8221;default&#8221; width=&#8221;100%&#8221; global_colors_info=&#8221;{}&#8221; theme_builder_area=&#8221;post_content&#8221;][et_pb_column type=&#8221;4_4&#8243; _builder_version=&#8221;4.16&#8243; _module_preset=&#8221;default&#8221; global_colors_info=&#8221;{}&#8221; theme_builder_area=&#8221;post_content&#8221;][et_pb_text _builder_version=&#8221;4.19.5&#8243; _module_preset=&#8221;default&#8221; hover_enabled=&#8221;0&#8243; global_colors_info=&#8221;{}&#8221; theme_builder_area=&#8221;post_content&#8221; sticky_enabled=&#8221;0&#8243;]<\/p>\n<p style=\"text-align: justify;\">La School ha una quota d&#8217;iscrizione a persona pari a 1.800,00 euro da versare entro il 22 settembre 2023 in un&#8217;unica soluzione. \u00c8 prevista un\u2019agevolazione per chi si iscrive entro il 31 luglio 2023: in questo caso la quota a persona \u00e8 pari a 1.500,00 euro e con possibilit\u00e0 di pagamento dilazionato in due tranche da 750 euro l\u2019una.<\/p>\n<p style=\"text-align: justify;\">Esso dovr\u00e0 effettuarsi (per privati e persone fisiche) tramite PagoPA &#8211; Portale dei Pagamenti Universit\u00e0 degli Studi di Pavia &#8211; al link <a href=\"https:\/\/pagamenti.unipv.it\" title=\"PagoPA - Pagamenti Unipv\">https:\/\/pagamenti.unipv.it<\/a>, selezionando come motivo di pagamento la voce &#8220;Dipartimento di Scienze Politiche e Sociali&#8221; e indicando come causale il proprio nome e cognome e la dicitura corrispondente fra le seguenti:<\/p>\n<ul>\n<li style=\"text-align: justify;\">&#8220;Iscrizione anticipata School Digital Governance&#8221; (1.500,00 euro)<\/li>\n<li style=\"text-align: justify;\">&#8220;Iscrizione ordinaria School Digital Governance&#8221; (1.800,00 euro)<\/li>\n<li style=\"text-align: justify;\">&#8220;Iscrizione anticipata School Digital Governance &#8211; I rata&#8221; (750,00 euro)<\/li>\n<li style=\"text-align: justify;\">&#8220;Iscrizione anticipata School Digital Governance &#8211; II rata&#8221; (750,00 euro)<\/li>\n<\/ul>\n<p style=\"text-align: justify;\">\u00c8 disponibile al seguente link visionare il tutorial sul funzionamento del Portale PagoPA dell&#8217;Universit\u00e0 degli Studi di Pavia: <a href=\"https:\/\/digitalgovernance.unipv.it\/edizione-2\/wp-content\/uploads\/sites\/3\/2023\/02\/Istruzioni-Operative-Pago-PA_DigitalGovernance.pdf\" title=\"Istruzioni Operative Pago PA\">Istruzioni Operative Pago PA<\/a><\/p>\n<p style=\"text-align: justify;\">L\u2019iscrizione si perfeziona inviando all\u2019indirizzo e-mail <a href=\"mailto:digitalgovernance@unipv.it\">digitalgovernance@unipv.it<\/a> la quietanza di pagamento ricevuta dal portale PagoPA ed il seguente modulo di iscrizione, debitamente compilato e firmato: <a href=\"https:\/\/digitalgovernance.unipv.it\/wp-content\/uploads\/sites\/3\/2023\/06\/Modulo-iscrizione_aggiornato.pdf\" target=\"_blank\" rel=\"noopener\" title=\"Compila modulo iscrizione\">Compila modulo iscrizione<\/a>.<\/p>\n<p style=\"text-align: justify;\">Si rende noto che la rata di iscrizione \u00e8 comprensiva del costo del sostenimento dell&#8217;esame finale T\u00dcV Th\u00fcringen Italia S.r.l. per l&#8217;ottenimento della certificazione finale in &#8220;Esperto in Data Protection System&#8221; in convenzione con il Dipartimento di Scienze Politiche e Sociali<\/p>\n<p>Per gli enti pubblici, la procedura \u00e8 indicata direttamente dalla Segreteria organizzativa della School, i cui contatti sono sotto indicati.<\/p>\n<p>Coloro i quali fossero interessati ad iscriversi ai singoli moduli possono fruire delle lezioni online e dei materiali a seguito del versamento di Euro 600,00 per singolo modulo. Per questi, l&#8217;Universit\u00e0 provveder\u00e0 ad inviare un attestato di frequenza al singolo modulo, ma non sar\u00e0 possibile sostenere l&#8217;esame finale per ottenere la certificazione di \u201cEsperto in Data Protection System\u201d.<\/p>\n<p><strong>E&#8217; data, altres\u00ec, la possibilit\u00e0 alle organizzazioni interessate di stipulare convenzioni con il Dipartimento<\/strong><strong> per definire condizioni d&#8217;iscrizione agevolate, contattando la Segreteria Organizzativa.<\/strong><\/p>\n<p>Segreteria Organizzativa (Dott. Luca Testoni): <a href=\"mailto:digitalgovernance@unipv.it\">digitalgovernance@unipv.it<\/a><\/p>\n<p>[\/et_pb_text][\/et_pb_column][\/et_pb_row][\/et_pb_section]<\/p>\n","protected":false},"excerpt":{"rendered":"<p>La School ha una quota d&#8217;iscrizione a persona pari a 1.800,00 euro da versare entro il 22 settembre 2023 in un&#8217;unica soluzione. \u00c8 prevista un\u2019agevolazione per chi si iscrive entro il 31 luglio 2023: in questo caso la quota a persona \u00e8 pari a 1.500,00 euro e con possibilit\u00e0 di pagamento dilazionato in due tranche [&hellip;]<\/p>\n","protected":false},"author":1,"featured_media":0,"parent":0,"menu_order":0,"comment_status":"closed","ping_status":"closed","template":"","meta":{"_et_pb_use_builder":"on","_et_pb_old_content":"","_et_gb_content_width":"","footnotes":""},"class_list":["post-2751","page","type-page","status-publish","hentry"],"_links":{"self":[{"href":"https:\/\/digitalgovernance.unipv.it\/edizione-2\/wp-json\/wp\/v2\/pages\/2751"}],"collection":[{"href":"https:\/\/digitalgovernance.unipv.it\/edizione-2\/wp-json\/wp\/v2\/pages"}],"about":[{"href":"https:\/\/digitalgovernance.unipv.it\/edizione-2\/wp-json\/wp\/v2\/types\/page"}],"author":[{"embeddable":true,"href":"https:\/\/digitalgovernance.unipv.it\/edizione-2\/wp-json\/wp\/v2\/users\/1"}],"replies":[{"embeddable":true,"href":"https:\/\/digitalgovernance.unipv.it\/edizione-2\/wp-json\/wp\/v2\/comments?post=2751"}],"version-history":[{"count":21,"href":"https:\/\/digitalgovernance.unipv.it\/edizione-2\/wp-json\/wp\/v2\/pages\/2751\/revisions"}],"predecessor-version":[{"id":4434,"href":"https:\/\/digitalgovernance.unipv.it\/edizione-2\/wp-json\/wp\/v2\/pages\/2751\/revisions\/4434"}],"wp:attachment":[{"href":"https:\/\/digitalgovernance.unipv.it\/edizione-2\/wp-json\/wp\/v2\/media?parent=2751"}],"curies":[{"name":"wp","href":"https:\/\/api.w.org\/{rel}","templated":true}]}}