{"id":4185,"date":"2023-02-09T17:57:08","date_gmt":"2023-02-09T16:57:08","guid":{"rendered":"https:\/\/digitalgovernance.unipv.it\/edizione-2\/?page_id=4185"},"modified":"2023-02-10T18:58:36","modified_gmt":"2023-02-10T17:58:36","slug":"convetions","status":"publish","type":"page","link":"https:\/\/digitalgovernance.unipv.it\/edizione-2\/en\/convetions\/","title":{"rendered":"Convetions"},"content":{"rendered":"<p>[et_pb_section fb_built=&#8221;1&#8243; admin_label=&#8221;Convenzioni&#8221; _builder_version=&#8221;4.19.4&#8243; _module_preset=&#8221;default&#8221; saved_tabs=&#8221;all&#8221; locked=&#8221;off&#8221; collapsed=&#8221;off&#8221; global_colors_info=&#8221;{}&#8221; theme_builder_area=&#8221;post_content&#8221; global_module=&#8221;4279&#8243;][et_pb_row column_structure=&#8221;2_5,3_5&#8243; admin_label=&#8221;T\u00dcV Th\u00fcringen Ttalia&#8221; _builder_version=&#8221;4.19.4&#8243; _module_preset=&#8221;5644f18a-5e3a-4989-a117-6c377695320d&#8221; global_colors_info=&#8221;{}&#8221; theme_builder_area=&#8221;post_content&#8221;][et_pb_column type=&#8221;2_5&#8243; _builder_version=&#8221;4.19.4&#8243; _module_preset=&#8221;default&#8221; global_colors_info=&#8221;{}&#8221; theme_builder_area=&#8221;post_content&#8221;][et_pb_image src=&#8221;https:\/\/digitalgovernance.unipv.it\/edizione-2\/wp-content\/uploads\/sites\/3\/2023\/02\/TUV-Thuringen-Italia.png&#8221; alt=&#8221;Associazione Lega dei Comuni&#8221; title_text=&#8221;TUV-Thuringen Italia&#8221; align=&#8221;center&#8221; _builder_version=&#8221;4.19.4&#8243; _module_preset=&#8221;c1a8a6ac-184f-487a-90ea-49a9285b3f2f&#8221; global_colors_info=&#8221;{}&#8221; theme_builder_area=&#8221;post_content&#8221;][\/et_pb_image][\/et_pb_column][et_pb_column type=&#8221;3_5&#8243; _builder_version=&#8221;4.19.4&#8243; _module_preset=&#8221;default&#8221; global_colors_info=&#8221;{}&#8221; theme_builder_area=&#8221;post_content&#8221;][et_pb_cta title=&#8221;T\u00dcV Th\u00fcringen Italy&#8221; button_url=&#8221;https:\/\/tuv-thuringen.it\/&#8221; url_new_window=&#8221;on&#8221; button_text=&#8221;Visit the website&#8221; _builder_version=&#8221;4.19.5&#8243; _module_preset=&#8221;3e8dcb47-6f8c-4542-bce7-544ef7d4ffa4&#8243; global_colors_info=&#8221;{}&#8221; theme_builder_area=&#8221;post_content&#8221;]<\/p>\n<p>T\u00dcV Thuringen e.V., along with T\u00dcV Thuringen Italy S.r.l., is an independent certification body.<\/p>\n<p>T\u00dcV Th\u00fcringen e.V. was established over a century ago in central Germany and is based in Erfurt in Thuringia. The company, which was officially recognized as an organization for product management and verification systems after German reunification, has been expanding its operations since 1993 and its internationalization has contributed to strong growth of its overseas activities and the opening of branches worldwide.<\/p>\n<p>[\/et_pb_cta][\/et_pb_column][\/et_pb_row][et_pb_row column_structure=&#8221;2_5,3_5&#8243; admin_label=&#8221;PrivacyLab&#8221; _builder_version=&#8221;4.19.4&#8243; _module_preset=&#8221;5644f18a-5e3a-4989-a117-6c377695320d&#8221; collapsed=&#8221;on&#8221; global_colors_info=&#8221;{}&#8221; theme_builder_area=&#8221;post_content&#8221;][et_pb_column type=&#8221;2_5&#8243; _builder_version=&#8221;4.19.4&#8243; _module_preset=&#8221;default&#8221; global_colors_info=&#8221;{}&#8221; theme_builder_area=&#8221;post_content&#8221;][et_pb_image src=&#8221;https:\/\/digitalgovernance.unipv.it\/edizione-2\/wp-content\/uploads\/sites\/3\/2023\/02\/PrivacyLab.svg&#8221; alt=&#8221;PrivacyLab&#8221; title_text=&#8221;PrivacyLab&#8221; _builder_version=&#8221;4.19.4&#8243; _module_preset=&#8221;c1a8a6ac-184f-487a-90ea-49a9285b3f2f&#8221; global_colors_info=&#8221;{}&#8221; theme_builder_area=&#8221;post_content&#8221;][\/et_pb_image][\/et_pb_column][et_pb_column type=&#8221;3_5&#8243; _builder_version=&#8221;4.19.4&#8243; _module_preset=&#8221;default&#8221; global_colors_info=&#8221;{}&#8221; theme_builder_area=&#8221;post_content&#8221;][et_pb_cta title=&#8221;PrivacyLab&#8221; button_url=&#8221;https:\/\/www.privacylab.it\/&#8221; url_new_window=&#8221;on&#8221; button_text=&#8221;Visit the website&#8221; _builder_version=&#8221;4.19.5&#8243; _module_preset=&#8221;3e8dcb47-6f8c-4542-bce7-544ef7d4ffa4&#8243; global_colors_info=&#8221;{}&#8221; theme_builder_area=&#8221;post_content&#8221;]<\/p>\n<p>PrivacyLab provides complete tools and services to manage daily privacy requirements set by the European Privacy Regulation. All updates to the PrivacyLab GDPR software, news from the Academy, and event information can be found here.<\/p>\n<p>[\/et_pb_cta][\/et_pb_column][\/et_pb_row][et_pb_row column_structure=&#8221;2_5,3_5&#8243; admin_label=&#8221;Istituto Privacy&#8221; _builder_version=&#8221;4.19.4&#8243; _module_preset=&#8221;5644f18a-5e3a-4989-a117-6c377695320d&#8221; collapsed=&#8221;on&#8221; global_colors_info=&#8221;{}&#8221; theme_builder_area=&#8221;post_content&#8221;][et_pb_column type=&#8221;2_5&#8243; _builder_version=&#8221;4.19.4&#8243; _module_preset=&#8221;default&#8221; global_colors_info=&#8221;{}&#8221; theme_builder_area=&#8221;post_content&#8221;][et_pb_image src=&#8221;https:\/\/digitalgovernance.unipv.it\/edizione-2\/wp-content\/uploads\/sites\/3\/2023\/02\/Istituto-Italiano-per-la-Privacy-e-la-Valorizzazione-dei-Dati.jpg&#8221; alt=&#8221;Istituto Italiano per la Privacy e la Valorizzazione dei Dati&#8221; title_text=&#8221;Istituto Italiano per la Privacy e la Valorizzazione dei Dati&#8221; align=&#8221;center&#8221; _builder_version=&#8221;4.19.4&#8243; _module_preset=&#8221;c1a8a6ac-184f-487a-90ea-49a9285b3f2f&#8221; global_colors_info=&#8221;{}&#8221; theme_builder_area=&#8221;post_content&#8221;][\/et_pb_image][\/et_pb_column][et_pb_column type=&#8221;3_5&#8243; _builder_version=&#8221;4.19.4&#8243; _module_preset=&#8221;default&#8221; global_colors_info=&#8221;{}&#8221; theme_builder_area=&#8221;post_content&#8221;][et_pb_cta title=&#8221;Italian Institute for Privacy and Data Valuation&#8221; button_url=&#8221;https:\/\/www.istitutoitalianoprivacy.it\/&#8221; url_new_window=&#8221;on&#8221; button_text=&#8221;Visit the website&#8221; _builder_version=&#8221;4.19.5&#8243; _module_preset=&#8221;3e8dcb47-6f8c-4542-bce7-544ef7d4ffa4&#8243; global_colors_info=&#8221;{}&#8221; theme_builder_area=&#8221;post_content&#8221;]<\/p>\n<p>The Italian Institute for Privacy and Data Valuation (IIP) is a research and study center established in 2008, funded by private entities (individuals, associations, law firms, and multinational companies) and the European Commission (within the Horizon2020 Program for the PRIVACY FLAG, ANITA, NGIOT, PREVENT, PREVENT PCP projects), dedicated to the issues of protecting and valuing personal data, information, and identity in the global ICT society.<\/p>\n<p>[\/et_pb_cta][\/et_pb_column][\/et_pb_row][et_pb_row column_structure=&#8221;2_5,3_5&#8243; admin_label=&#8221;ANORC Professioni&#8221; _builder_version=&#8221;4.19.4&#8243; _module_preset=&#8221;5644f18a-5e3a-4989-a117-6c377695320d&#8221; collapsed=&#8221;on&#8221; global_colors_info=&#8221;{}&#8221; theme_builder_area=&#8221;post_content&#8221;][et_pb_column type=&#8221;2_5&#8243; _builder_version=&#8221;4.19.4&#8243; _module_preset=&#8221;default&#8221; global_colors_info=&#8221;{}&#8221; theme_builder_area=&#8221;post_content&#8221;][et_pb_image src=&#8221;https:\/\/digitalgovernance.unipv.it\/edizione-2\/wp-content\/uploads\/sites\/3\/2023\/02\/logo-anorc-professioni-e1675845529173.png&#8221; alt=&#8221;ANORC Professioni&#8221; title_text=&#8221;ANORC Professioni&#8221; align=&#8221;center&#8221; _builder_version=&#8221;4.19.4&#8243; _module_preset=&#8221;c1a8a6ac-184f-487a-90ea-49a9285b3f2f&#8221; global_colors_info=&#8221;{}&#8221; theme_builder_area=&#8221;post_content&#8221;][\/et_pb_image][\/et_pb_column][et_pb_column type=&#8221;3_5&#8243; _builder_version=&#8221;4.19.4&#8243; _module_preset=&#8221;default&#8221; global_colors_info=&#8221;{}&#8221; theme_builder_area=&#8221;post_content&#8221;][et_pb_cta title=&#8221;ANORC Professions&#8221; button_url=&#8221;https:\/\/anorc.eu\/anorc-professioni\/&#8221; url_new_window=&#8221;on&#8221; button_text=&#8221;Visit the website&#8221; _builder_version=&#8221;4.19.5&#8243; _module_preset=&#8221;3e8dcb47-6f8c-4542-bce7-544ef7d4ffa4&#8243; global_colors_info=&#8221;{}&#8221; theme_builder_area=&#8221;post_content&#8221;]<\/p>\n<p>ANORC is expressed in two non-profit associations, ANORC Market, representative of the corporate world, and ANORC Professions, a reference point for professionals. ANORC Market and ANORC Professions are two associations involved in the field of digitalization and protection of the informational and document heritage in both public and private sectors, promoting institutional dialogue, training and professional development, organizing events, as well as developing informational and communication activities in the sector.<\/p>\n<p>[\/et_pb_cta][\/et_pb_column][\/et_pb_row][et_pb_row column_structure=&#8221;2_5,3_5&#8243; admin_label=&#8221;CSIG&#8221; _builder_version=&#8221;4.19.4&#8243; _module_preset=&#8221;5644f18a-5e3a-4989-a117-6c377695320d&#8221; collapsed=&#8221;on&#8221; global_colors_info=&#8221;{}&#8221; theme_builder_area=&#8221;post_content&#8221;][et_pb_column type=&#8221;2_5&#8243; _builder_version=&#8221;4.19.4&#8243; _module_preset=&#8221;default&#8221; global_colors_info=&#8221;{}&#8221; theme_builder_area=&#8221;post_content&#8221;][et_pb_image src=&#8221;https:\/\/digitalgovernance.unipv.it\/edizione-2\/wp-content\/uploads\/sites\/3\/2023\/02\/CSIG.jpg&#8221; alt=&#8221;Centro Studi Informatica Giuridica (CSIG) Ivrea-Torino&#8221; title_text=&#8221;Centro Studi Informatica Giuridica (CSIG) Ivrea-Torino&#8221; align=&#8221;center&#8221; _builder_version=&#8221;4.19.4&#8243; _module_preset=&#8221;c1a8a6ac-184f-487a-90ea-49a9285b3f2f&#8221; global_colors_info=&#8221;{}&#8221; theme_builder_area=&#8221;post_content&#8221;][\/et_pb_image][\/et_pb_column][et_pb_column type=&#8221;3_5&#8243; _builder_version=&#8221;4.19.4&#8243; _module_preset=&#8221;default&#8221; global_colors_info=&#8221;{}&#8221; theme_builder_area=&#8221;post_content&#8221;][et_pb_cta title=&#8221;Ivrea-Turin Legal Informatics Study Center&#8221; button_url=&#8221;http:\/\/www.csigivreatorino.it\/&#8221; url_new_window=&#8221;on&#8221; button_text=&#8221;Visit the website&#8221; _builder_version=&#8221;4.19.5&#8243; _module_preset=&#8221;3e8dcb47-6f8c-4542-bce7-544ef7d4ffa4&#8243; global_colors_info=&#8221;{}&#8221; theme_builder_area=&#8221;post_content&#8221;]<\/p>\n<p>The Ivrea-Turin Legal Informatics Study Center is an independent, non-profit interdisciplinary association that promotes the exchange of ideas, debate and sharing of experiences with the goal of finding solutions to improve society and give momentum to the development of the technological and legal framework of our country.<\/p>\n<p>The Association, established in 2005 in Ivrea (home of Olivetti), intends to focus on the law applied to new technologies and is a member of the CSIG Italy network (20 associations across the country).<\/p>\n<p>[\/et_pb_cta][\/et_pb_column][\/et_pb_row][et_pb_row column_structure=&#8221;2_5,3_5&#8243; admin_label=&#8221;Lega dei Comuni&#8221; _builder_version=&#8221;4.19.4&#8243; _module_preset=&#8221;5644f18a-5e3a-4989-a117-6c377695320d&#8221; collapsed=&#8221;on&#8221; global_colors_info=&#8221;{}&#8221; theme_builder_area=&#8221;post_content&#8221;][et_pb_column type=&#8221;2_5&#8243; _builder_version=&#8221;4.19.4&#8243; _module_preset=&#8221;default&#8221; global_colors_info=&#8221;{}&#8221; theme_builder_area=&#8221;post_content&#8221;][et_pb_image src=&#8221;https:\/\/digitalgovernance.unipv.it\/edizione-2\/wp-content\/uploads\/sites\/3\/2023\/02\/Logo-Lega.png&#8221; alt=&#8221;Associazione Lega dei Comuni&#8221; title_text=&#8221;Associazione Lega dei Comuni&#8221; _builder_version=&#8221;4.19.4&#8243; _module_preset=&#8221;c1a8a6ac-184f-487a-90ea-49a9285b3f2f&#8221; global_colors_info=&#8221;{}&#8221; theme_builder_area=&#8221;post_content&#8221;][\/et_pb_image][\/et_pb_column][et_pb_column type=&#8221;3_5&#8243; _builder_version=&#8221;4.19.4&#8243; _module_preset=&#8221;default&#8221; global_colors_info=&#8221;{}&#8221; theme_builder_area=&#8221;post_content&#8221;][et_pb_cta title=&#8221;Lega dei Comuni&#8221; button_url=&#8221;https:\/\/legadeicomuni.it\/&#8221; url_new_window=&#8221;on&#8221; button_text=&#8221;Visit the website&#8221; _builder_version=&#8221;4.19.5&#8243; _module_preset=&#8221;3e8dcb47-6f8c-4542-bce7-544ef7d4ffa4&#8243; global_colors_info=&#8221;{}&#8221; theme_builder_area=&#8221;post_content&#8221;]<\/p>\n<p>The &#8220;LEGA DEI COMUNI&#8221; Association has as its statutory purpose &#8220;technical-legal and administrative assistance, the promotion of cultural initiatives, meetings and conferences on specific subjects through training courses and through the publication of brochures and informational bulletins, in favor of Local Governments.<\/p>\n<p>[\/et_pb_cta][\/et_pb_column][\/et_pb_row][\/et_pb_section]<\/p>\n","protected":false},"excerpt":{"rendered":"<p>T\u00dcV Thuringen e.V., along with T\u00dcV Thuringen Italy S.r.l., is an independent certification body. T\u00dcV Th\u00fcringen e.V. was established over a century ago in central Germany and is based in Erfurt in Thuringia. The company, which was officially recognized as an organization for product management and verification systems after German reunification, has been expanding its [&hellip;]<\/p>\n","protected":false},"author":1,"featured_media":0,"parent":2808,"menu_order":0,"comment_status":"closed","ping_status":"closed","template":"","meta":{"_et_pb_use_builder":"on","_et_pb_old_content":"","_et_gb_content_width":"","footnotes":""},"class_list":["post-4185","page","type-page","status-publish","hentry"],"_links":{"self":[{"href":"https:\/\/digitalgovernance.unipv.it\/edizione-2\/wp-json\/wp\/v2\/pages\/4185"}],"collection":[{"href":"https:\/\/digitalgovernance.unipv.it\/edizione-2\/wp-json\/wp\/v2\/pages"}],"about":[{"href":"https:\/\/digitalgovernance.unipv.it\/edizione-2\/wp-json\/wp\/v2\/types\/page"}],"author":[{"embeddable":true,"href":"https:\/\/digitalgovernance.unipv.it\/edizione-2\/wp-json\/wp\/v2\/users\/1"}],"replies":[{"embeddable":true,"href":"https:\/\/digitalgovernance.unipv.it\/edizione-2\/wp-json\/wp\/v2\/comments?post=4185"}],"version-history":[{"count":6,"href":"https:\/\/digitalgovernance.unipv.it\/edizione-2\/wp-json\/wp\/v2\/pages\/4185\/revisions"}],"predecessor-version":[{"id":4280,"href":"https:\/\/digitalgovernance.unipv.it\/edizione-2\/wp-json\/wp\/v2\/pages\/4185\/revisions\/4280"}],"up":[{"embeddable":true,"href":"https:\/\/digitalgovernance.unipv.it\/edizione-2\/wp-json\/wp\/v2\/pages\/2808"}],"wp:attachment":[{"href":"https:\/\/digitalgovernance.unipv.it\/edizione-2\/wp-json\/wp\/v2\/media?parent=4185"}],"curies":[{"name":"wp","href":"https:\/\/api.w.org\/{rel}","templated":true}]}}