{"id":2751,"date":"2021-04-29T16:43:31","date_gmt":"2021-04-29T14:43:31","guid":{"rendered":"https:\/\/digitalgovernance.unipv.it\/edizione-3\/edizione-2\/?page_id=2751"},"modified":"2025-03-25T12:04:08","modified_gmt":"2025-03-25T11:04:08","slug":"iscrizione-e-costi","status":"publish","type":"page","link":"https:\/\/digitalgovernance.unipv.it\/edizione-3\/iscrizione-e-costi\/","title":{"rendered":"Iscrizione e costi"},"content":{"rendered":"<p>[et_pb_section fb_built=&#8221;1&#8243; _builder_version=&#8221;4.16&#8243; _module_preset=&#8221;default&#8221; global_colors_info=&#8221;{}&#8221; theme_builder_area=&#8221;post_content&#8221;][et_pb_row _builder_version=&#8221;4.16&#8243; _module_preset=&#8221;default&#8221; width=&#8221;100%&#8221; global_colors_info=&#8221;{}&#8221; theme_builder_area=&#8221;post_content&#8221;][et_pb_column type=&#8221;4_4&#8243; _builder_version=&#8221;4.16&#8243; _module_preset=&#8221;default&#8221; global_colors_info=&#8221;{}&#8221; theme_builder_area=&#8221;post_content&#8221;][et_pb_text _builder_version=&#8221;4.19.5&#8243; _module_preset=&#8221;default&#8221; hover_enabled=&#8221;0&#8243; global_colors_info=&#8221;{}&#8221; theme_builder_area=&#8221;post_content&#8221; sticky_enabled=&#8221;0&#8243;]<\/p>\n<p style=\"text-align: justify;\"><span>La School ha una quota d&#8217;iscrizione a persona da versare entro il <strong>05 maggio 2025<\/strong> in un&#8217;unica soluzione pari a:<\/span><\/p>\n<ul>\n<li style=\"text-align: justify;\"><span>700,00 euro<\/span><\/li>\n<li style=\"text-align: justify;\"><span>180,00 euro solo per gli studenti gi\u00e0 iscritti all&#8217;Universit\u00e0 di Pavia in qualsiasi corso di studi<\/span><\/li>\n<li style=\"text-align: justify;\"><span>560,00 euro per ogni socio dell&#8217;associazione <a href=\"https:\/\/www.assimprenditori.org\" target=\"_blank\" rel=\"noopener\" title=\"Assimprenditori\">Assimprenditori<\/a><\/span><\/li>\n<\/ul>\n<p style=\"text-align: justify;\">Esso dovr\u00e0 effettuarsi (per privati e persone fisiche) tramite PagoPA &#8211; Portale dei Pagamenti Universit\u00e0 degli Studi di Pavia &#8211; al link <a href=\"https:\/\/pagamenti.unipv.it\" title=\"PagoPA - Pagamenti Unipv\" target=\"_blank\" rel=\"noopener\">https:\/\/pagamenti.unipv.it<\/a>, selezionando come motivo di pagamento la voce &#8220;Dipartimento di Scienze Politiche e Sociali&#8221; e indicando come causale il proprio nome e cognome e la dicitura corrispondente:<\/p>\n<p><strong>&#8220;<span>Iscrizione School Digital Governance 2025&#8243; seguito dall&#8217;importo pagato<\/span><\/strong><\/p>\n<p style=\"text-align: justify;\">\u00c8 disponibile al seguente link visionare il tutorial sul funzionamento del Portale PagoPA dell&#8217;Universit\u00e0 degli Studi di Pavia: <a href=\"https:\/\/digitalgovernance.unipv.it\/edizione-3\/wp-content\/uploads\/sites\/5\/2024\/11\/Istruzioni-Operative-Pago-PA_DigitalGovernance.pdf\" title=\"Istruzioni Operative Pago PA\" target=\"_blank\" rel=\"noopener\">Istruzioni Operative Pago PA<\/a>.<\/p>\n<p style=\"text-align: justify;\">L\u2019iscrizione si perfeziona inviando all\u2019indirizzo e-mail <a href=\"mailto:digitalgovernance@unipv.it\">digitalgovernance@unipv.it<\/a> la quietanza di pagamento ricevuta dal portale PagoPA ed il seguente modulo di iscrizione, debitamente compilato e firmato: <a href=\"https:\/\/digitalgovernance.unipv.it\/edizione-3\/wp-content\/uploads\/sites\/5\/2025\/03\/Modulo-iscrizione_edizione_3.pdf\" target=\"_blank\" rel=\"noopener\" title=\"Modulo d'Iscrizione PDF\">Modulo d&#8217;Iscrizione PDF<\/a> &#8211; <a href=\"https:\/\/digitalgovernance.unipv.it\/edizione-3\/wp-content\/uploads\/sites\/5\/2025\/03\/Modulo-iscrizione_edizione_3.docx\" target=\"_blank\" rel=\"noopener\" title=\"Modulo d'Iscrizione Word\">Modulo d&#8217;Iscrizione Word<\/a>.<\/p>\n<p><strong>E&#8217; data, altres\u00ec, la possibilit\u00e0 alle organizzazioni interessate di stipulare convenzioni con il Dipartimento<\/strong><strong> per definire condizioni d&#8217;iscrizione agevolate, contattando la Segreteria Organizzativa.<\/strong><\/p>\n<p>Segreteria Organizzativa: <a href=\"mailto:digitalgovernance@unipv.it\">digitalgovernance@unipv.it<\/a><\/p>\n<p>[\/et_pb_text][\/et_pb_column][\/et_pb_row][et_pb_row column_structure=&#8221;1_3,1_3,1_3&#8243; _builder_version=&#8221;4.19.5&#8243; _module_preset=&#8221;83c8e53f-71b4-40df-b440-4330662531e6&#8243; global_colors_info=&#8221;{}&#8221; theme_builder_area=&#8221;post_content&#8221;][et_pb_column type=&#8221;1_3&#8243; _builder_version=&#8221;4.19.5&#8243; _module_preset=&#8221;default&#8221; global_colors_info=&#8221;{}&#8221; theme_builder_area=&#8221;post_content&#8221;][et_pb_button button_url=&#8221;https:\/\/digitalgovernance.unipv.it\/edizione-3\/wp-content\/uploads\/sites\/5\/2025\/03\/Modulo-iscrizione_edizione_3.docx&#8221; url_new_window=&#8221;on&#8221; button_text=&#8221;Modulo d&#8217;Iscrizione (WORD)&#8221; button_alignment=&#8221;center&#8221; _builder_version=&#8221;4.19.5&#8243; _module_preset=&#8221;default&#8221; button_icon=&#8221;&#xf1c2;||fa||900&#8243; hover_enabled=&#8221;0&#8243; global_colors_info=&#8221;{}&#8221; theme_builder_area=&#8221;post_content&#8221; sticky_enabled=&#8221;0&#8243;][\/et_pb_button][\/et_pb_column][et_pb_column type=&#8221;1_3&#8243; _builder_version=&#8221;4.19.5&#8243; _module_preset=&#8221;default&#8221; global_colors_info=&#8221;{}&#8221; theme_builder_area=&#8221;post_content&#8221;][et_pb_button button_url=&#8221;https:\/\/digitalgovernance.unipv.it\/edizione-3\/wp-content\/uploads\/sites\/5\/2025\/03\/Modulo-iscrizione_edizione_3.pdf&#8221; url_new_window=&#8221;on&#8221; button_text=&#8221;Modulo d&#8217;Iscrizione (PDF)&#8221; button_alignment=&#8221;center&#8221; _builder_version=&#8221;4.19.5&#8243; _module_preset=&#8221;default&#8221; button_icon=&#8221;&#xf1c1;||fa||900&#8243; hover_enabled=&#8221;0&#8243; global_colors_info=&#8221;{}&#8221; theme_builder_area=&#8221;post_content&#8221; sticky_enabled=&#8221;0&#8243;][\/et_pb_button][\/et_pb_column][et_pb_column type=&#8221;1_3&#8243; _builder_version=&#8221;4.19.5&#8243; _module_preset=&#8221;default&#8221; global_colors_info=&#8221;{}&#8221; theme_builder_area=&#8221;post_content&#8221;][et_pb_button button_url=&#8221;@ET-DC@eyJkeW5hbWljIjp0cnVlLCJjb250ZW50IjoicG9zdF9saW5rX3VybF9wYWdlIiwic2V0dGluZ3MiOnsicG9zdF9pZCI6IjI3MzcifX0=@&#8221; button_text=&#8221;Facolt\u00e0 e Docenti&#8221; _builder_version=&#8221;4.19.5&#8243; _dynamic_attributes=&#8221;button_url&#8221; _module_preset=&#8221;default&#8221; global_colors_info=&#8221;{}&#8221; theme_builder_area=&#8221;post_content&#8221;][\/et_pb_button][\/et_pb_column][\/et_pb_row][\/et_pb_section]<\/p>\n","protected":false},"excerpt":{"rendered":"<p>La School ha una quota d&#8217;iscrizione a persona da versare entro il 05 maggio 2025 in un&#8217;unica soluzione pari a: 700,00 euro 180,00 euro solo per gli studenti gi\u00e0 iscritti all&#8217;Universit\u00e0 di Pavia in qualsiasi corso di studi 560,00 euro per ogni socio dell&#8217;associazione Assimprenditori Esso dovr\u00e0 effettuarsi (per privati e persone fisiche) tramite PagoPA [&hellip;]<\/p>\n","protected":false},"author":1,"featured_media":0,"parent":0,"menu_order":0,"comment_status":"closed","ping_status":"closed","template":"","meta":{"_et_pb_use_builder":"on","_et_pb_old_content":"","_et_gb_content_width":"","footnotes":""},"class_list":["post-2751","page","type-page","status-publish","hentry"],"_links":{"self":[{"href":"https:\/\/digitalgovernance.unipv.it\/edizione-3\/wp-json\/wp\/v2\/pages\/2751"}],"collection":[{"href":"https:\/\/digitalgovernance.unipv.it\/edizione-3\/wp-json\/wp\/v2\/pages"}],"about":[{"href":"https:\/\/digitalgovernance.unipv.it\/edizione-3\/wp-json\/wp\/v2\/types\/page"}],"author":[{"embeddable":true,"href":"https:\/\/digitalgovernance.unipv.it\/edizione-3\/wp-json\/wp\/v2\/users\/1"}],"replies":[{"embeddable":true,"href":"https:\/\/digitalgovernance.unipv.it\/edizione-3\/wp-json\/wp\/v2\/comments?post=2751"}],"version-history":[{"count":29,"href":"https:\/\/digitalgovernance.unipv.it\/edizione-3\/wp-json\/wp\/v2\/pages\/2751\/revisions"}],"predecessor-version":[{"id":4705,"href":"https:\/\/digitalgovernance.unipv.it\/edizione-3\/wp-json\/wp\/v2\/pages\/2751\/revisions\/4705"}],"wp:attachment":[{"href":"https:\/\/digitalgovernance.unipv.it\/edizione-3\/wp-json\/wp\/v2\/media?parent=2751"}],"curies":[{"name":"wp","href":"https:\/\/api.w.org\/{rel}","templated":true}]}}