{"id":2761,"date":"2021-04-29T16:47:20","date_gmt":"2021-04-29T14:47:20","guid":{"rendered":"https:\/\/digitalgovernance.unipv.it\/edizione-3\/edizione-2\/?page_id=2761"},"modified":"2025-03-03T09:40:27","modified_gmt":"2025-03-03T08:40:27","slug":"presentazione","status":"publish","type":"page","link":"https:\/\/digitalgovernance.unipv.it\/edizione-3\/presentazione\/","title":{"rendered":"Presentazione"},"content":{"rendered":"<p>[et_pb_section fb_built=&#8221;1&#8243; admin_label=&#8221;section&#8221; _builder_version=&#8221;4.16&#8243; global_colors_info=&#8221;{}&#8221; theme_builder_area=&#8221;post_content&#8221;][et_pb_row admin_label=&#8221;row&#8221; _builder_version=&#8221;4.16&#8243; background_size=&#8221;initial&#8221; background_position=&#8221;top_left&#8221; background_repeat=&#8221;repeat&#8221; width=&#8221;100%&#8221; global_colors_info=&#8221;{}&#8221; theme_builder_area=&#8221;post_content&#8221;][et_pb_column type=&#8221;4_4&#8243; _builder_version=&#8221;4.16&#8243; custom_padding=&#8221;|||&#8221; global_colors_info=&#8221;{}&#8221; custom_padding__hover=&#8221;|||&#8221; theme_builder_area=&#8221;post_content&#8221;][et_pb_text admin_label=&#8221;Text&#8221; _builder_version=&#8221;4.19.5&#8243; _module_preset=&#8221;_initial&#8221; hover_enabled=&#8221;0&#8243; global_colors_info=&#8221;{}&#8221; theme_builder_area=&#8221;post_content&#8221; sticky_enabled=&#8221;0&#8243;]<\/p>\n<p>L\u2019intelligenza artificiale (IA) va intesa come l\u2019insieme delle tecnologie finalizzate a realizzare algoritmi per computer che mostrano capacit\u00e0 di ragionamento, apprendimento, pianificazione e creativit\u00e0. La IA \u00e8 destinata ad avere un forte impatto su economia, societ\u00e0 ed ambiente, ridefinendo profondamente processi sociali e modelli economici.<\/p>\n<p>\u00c8 necessario promuovere il ricorso alla IA quali attivatori di sviluppo economico in un\u2019azienda per incrementare la redditivit\u00e0 e ridurre i costi, ma anche per sostenere pratiche di business sostenibili e responsabili nel rispetto dell\u2019ambiente e delle persone.<\/p>\n<p>Per realizzare tutto ci\u00f2, i corsi offerti dalla School intendono curare la formazione delle opportune conoscenze specialistiche e facilitare il dialogo tra professionisti e imprenditori appartenenti in settori diversi.<\/p>\n<p>Come sede del corso viene scelto il Dipartimento di Scienze Politiche e Sociali (DSPS), promotore delle precedenti due edizioni dell\u2019International School in Digital Governance, per il suo impegno nell&#8217;usare senso critico e metodo scientifico per elaborare spunti di riflessione e nuove conoscenze sulla tematica IA avente un grosso impatto nella societ\u00e0, a favore degli stakeholder della stessa.<\/p>\n<p>Questa serie di corsi intende presentare l\u2019IA per:<\/p>\n<ul>\n<li>comprendere le opportunit\u00e0 per innovare e migliorare i processi aziendali<\/li>\n<li>acquisire competenze per stare al passo con la concorrenza<\/li>\n<li>favorire l&#8217;innovazione continua di prodotti e servizi<\/li>\n<li>esplorare nuovi mercati e stimolare la crescita dell&#8217;azienda<\/li>\n<li>automatizzare processi ripetitivi e migliorare la gestione delle risorse<\/li>\n<li>scegliere le soluzioni da acquistare e installare.<\/li>\n<\/ul>\n<p><strong>Parole chiave<\/strong>: <em>formazione, intelligenza artificiale, machine learning, innovazione, trasformazione digitale, impresa digitale, imprenditore digitale.<\/em><\/p>\n<p><strong>Contenuto formativo<\/strong>: <em>definizioni, casi di studio, suggerimenti per la risoluzione di problematiche.<\/em><\/p>\n<p><strong>Livello<\/strong>: <em>Base<\/em><\/p>\n<p>[\/et_pb_text][et_pb_button button_url=&#8221;@ET-DC@eyJkeW5hbWljIjp0cnVlLCJjb250ZW50IjoicG9zdF9saW5rX3VybF9wYWdlIiwic2V0dGluZ3MiOnsicG9zdF9pZCI6IjIyNjIifX0=@&#8221; button_text=&#8221;Programma didattico&#8221; _builder_version=&#8221;4.19.5&#8243; _dynamic_attributes=&#8221;button_url&#8221; _module_preset=&#8221;e792f53c-7fd9-4648-8e52-4f80765a2c48&#8243; global_colors_info=&#8221;{}&#8221; theme_builder_area=&#8221;post_content&#8221;][\/et_pb_button][\/et_pb_column][\/et_pb_row][\/et_pb_section]<\/p>\n","protected":false},"excerpt":{"rendered":"<p>L\u2019intelligenza artificiale (IA) va intesa come l\u2019insieme delle tecnologie finalizzate a realizzare algoritmi per computer che mostrano capacit\u00e0 di ragionamento, apprendimento, pianificazione e creativit\u00e0. La IA \u00e8 destinata ad avere un forte impatto su economia, societ\u00e0 ed ambiente, ridefinendo profondamente processi sociali e modelli economici. \u00c8 necessario promuovere il ricorso alla IA quali attivatori di [&hellip;]<\/p>\n","protected":false},"author":1,"featured_media":0,"parent":0,"menu_order":0,"comment_status":"closed","ping_status":"closed","template":"","meta":{"_et_pb_use_builder":"on","_et_pb_old_content":"","_et_gb_content_width":"","footnotes":""},"class_list":["post-2761","page","type-page","status-publish","hentry"],"_links":{"self":[{"href":"https:\/\/digitalgovernance.unipv.it\/edizione-3\/wp-json\/wp\/v2\/pages\/2761"}],"collection":[{"href":"https:\/\/digitalgovernance.unipv.it\/edizione-3\/wp-json\/wp\/v2\/pages"}],"about":[{"href":"https:\/\/digitalgovernance.unipv.it\/edizione-3\/wp-json\/wp\/v2\/types\/page"}],"author":[{"embeddable":true,"href":"https:\/\/digitalgovernance.unipv.it\/edizione-3\/wp-json\/wp\/v2\/users\/1"}],"replies":[{"embeddable":true,"href":"https:\/\/digitalgovernance.unipv.it\/edizione-3\/wp-json\/wp\/v2\/comments?post=2761"}],"version-history":[{"count":16,"href":"https:\/\/digitalgovernance.unipv.it\/edizione-3\/wp-json\/wp\/v2\/pages\/2761\/revisions"}],"predecessor-version":[{"id":4687,"href":"https:\/\/digitalgovernance.unipv.it\/edizione-3\/wp-json\/wp\/v2\/pages\/2761\/revisions\/4687"}],"wp:attachment":[{"href":"https:\/\/digitalgovernance.unipv.it\/edizione-3\/wp-json\/wp\/v2\/media?parent=2761"}],"curies":[{"name":"wp","href":"https:\/\/api.w.org\/{rel}","templated":true}]}}