{"id":32,"date":"2020-07-15T12:23:49","date_gmt":"2020-07-15T10:23:49","guid":{"rendered":"https:\/\/digitalgovernance.unipv.it\/edizione-3\/edizione-2\/?page_id=32"},"modified":"2025-03-25T12:10:29","modified_gmt":"2025-03-25T11:10:29","slug":"intelligenza-artificiale-per-lo-sviluppo-economico-dellimpresa","status":"publish","type":"page","link":"https:\/\/digitalgovernance.unipv.it\/edizione-3\/","title":{"rendered":"Intelligenza Artificiale per lo sviluppo economico dell&#8217;Impresa"},"content":{"rendered":"<p>[et_pb_section fb_built=&#8221;1&#8243; _builder_version=&#8221;4.19.4&#8243; _module_preset=&#8221;default&#8221; collapsed=&#8221;off&#8221; global_colors_info=&#8221;{}&#8221;][et_pb_row column_structure=&#8221;3_5,2_5&#8243; _builder_version=&#8221;4.19.5&#8243; _module_preset=&#8221;_initial&#8221; global_colors_info=&#8221;{}&#8221; custom_padding__hover_enabled=&#8221;off|desktop&#8221;][et_pb_column type=&#8221;3_5&#8243; _builder_version=&#8221;4.19.4&#8243; _module_preset=&#8221;default&#8221; global_colors_info=&#8221;{}&#8221;][et_pb_cta title=&#8221;Intelligenza Artificiale per lo sviluppo economico dell&#8217;impresa&#8221; button_url=&#8221;@ET-DC@eyJkeW5hbWljIjp0cnVlLCJjb250ZW50IjoicG9zdF9saW5rX3VybF9wYWdlIiwic2V0dGluZ3MiOnsicG9zdF9pZCI6IjI3NjEifX0=@&#8221; button_text=&#8221;Vai alla presentazione&#8221; _builder_version=&#8221;4.19.5&#8243; _dynamic_attributes=&#8221;button_url&#8221; _module_preset=&#8221;_initial&#8221; global_colors_info=&#8221;{}&#8221; hover_enabled=&#8221;0&#8243; sticky_enabled=&#8221;0&#8243;]<\/p>\n<div class=\"flex max-w-full flex-col flex-grow\">\n<div data-message-author-role=\"assistant\" data-message-id=\"74842da1-b014-4cff-b426-ab74d793b4d5\" dir=\"auto\" class=\"min-h-8 text-message flex w-full flex-col items-end gap-2 whitespace-normal break-words [.text-message+&amp;]:mt-5\" data-message-model-slug=\"gpt-4o\">\n<div class=\"flex w-full flex-col gap-1 empty:hidden first:pt-[3px]\">\n<div class=\"markdown prose w-full break-words dark:prose-invert dark\">\n<p>L&#8217;<strong>International School in Digital Governance<\/strong> \u00e8 un&#8217;iniziativa dell&#8217;Universit\u00e0 di Pavia ed \u00e8 progettata per preparare professionisti e futuri leader alla gestione dei processi di innovazione all&#8217;interno delle aziende e delle organizzazioni, con l\u2019obiettivo di migliorare competitivit\u00e0 ed efficienza.<\/p>\n<p>Il programma \u00e8 incentrato sul ruolo fondamentale che le tecnologie digitali \u2013 in particolare l\u2019intelligenza artificiale, i big data, la gestione e la protezione dei dati \u2013 svolgono nel trasformare i modelli di business, influenzando le decisioni strategiche e ridefinendo il panorama competitivo. La digitalizzazione e l\u2019uso avanzato delle tecnologie richiedono infatti un ripensamento dei processi aziendali e delle strategie di gestione, con un focus specifico su approcci responsabili e sostenibili.<\/p>\n<p>La scuola fornisce una <strong>formazione approfondita<\/strong> sull\u2019uso dei dati e sulle applicazioni concrete dell\u2019AI e del Machine Learning per migliorare la governance aziendale e pubblica, sviluppando competenze in settori essenziali come <strong>cybersecurity, gestione del rischio informatico, regolamentazione GDPR, data governance<\/strong> e <strong>IT management<\/strong>. I partecipanti apprenderanno come raccogliere, analizzare e utilizzare i dati per decisioni aziendali informate, integrando strumenti avanzati come i Big Data e l&#8217;Intelligenza Artificiale nei loro modelli operativi.<\/p>\n<p>L&#8217;attivit\u00e0 didattica \u00e8 affidata a <strong>esperti internazionali e accademici<\/strong> nel campo della digital governance e della data science, nonch\u00e9 a leader di istituzioni pubbliche e private. Questa variet\u00e0 di competenze permette ai partecipanti di comprendere a fondo l\u2019interazione tra innovazione digitale e governance, acquisendo conoscenze sia teoriche che pratiche.<\/p>\n<\/div>\n<\/div>\n<\/div>\n<\/div>\n<p>[\/et_pb_cta][et_pb_button button_text=&#8221;Scarica la brochure&#8221; _builder_version=&#8221;4.19.5&#8243; _module_preset=&#8221;default&#8221; button_url=&#8221;https:\/\/digitalgovernance.unipv.it\/edizione-3\/wp-content\/uploads\/sites\/5\/2025\/03\/Brochure-ISDG.pdf&#8221; url_new_window=&#8221;on&#8221; button_alignment=&#8221;left&#8221; button_text_color__hover_enabled=&#8221;on|hover&#8221; button_bg_color=&#8221;#0059B3&#8243; button_bg_enable_color=&#8221;on&#8221; button_text_color=&#8221;#FFFFFF&#8221; hover_enabled=&#8221;0&#8243; sticky_enabled=&#8221;0&#8243; button_text_color__hover=&#8221;#0059B3&#8243; button_bg_color__hover=&#8221;#FFFFFF&#8221; button_bg_enable_color__hover=&#8221;on&#8221; button_icon=&#8221;&#xf1c1;||fa||900&#8243; button_text_size=&#8221;1.3em&#8221; button_border_color=&#8221;#0059B3&#8243; button_on_hover=&#8221;on&#8221;][\/et_pb_button][\/et_pb_column][et_pb_column type=&#8221;2_5&#8243; _builder_version=&#8221;4.19.4&#8243; _module_preset=&#8221;default&#8221; global_colors_info=&#8221;{}&#8221;][et_pb_image src=&#8221;https:\/\/digitalgovernance.unipv.it\/edizione-3\/wp-content\/uploads\/sites\/5\/2025\/03\/Locandina-Corso-ISDG.jpg&#8221; title_text=&#8221;Locandina Corso &#8211; ISDG&#8221; url=&#8221;https:\/\/digitalgovernance.unipv.it\/edizione-3\/wp-content\/uploads\/sites\/5\/2025\/03\/Locandina-Corso-ISDG.pdf&#8221; url_new_window=&#8221;on&#8221; align=&#8221;center&#8221; disabled_on=&#8221;off|off|off&#8221; _builder_version=&#8221;4.19.5&#8243; _module_preset=&#8221;default&#8221; hover_enabled=&#8221;0&#8243; global_colors_info=&#8221;{}&#8221; sticky_enabled=&#8221;0&#8243;][\/et_pb_image][et_pb_button button_url=&#8221;https:\/\/digitalgovernance.unipv.it\/edizione-3\/wp-content\/uploads\/sites\/5\/2025\/03\/Locandina-Corso-ISDG.pdf&#8221; url_new_window=&#8221;on&#8221; button_text=&#8221;Scarica la locandina&#8221; button_alignment=&#8221;center&#8221; disabled_on=&#8221;off|off|off&#8221; _builder_version=&#8221;4.19.5&#8243; _module_preset=&#8221;default&#8221; button_icon=&#8221;&#xf1c1;||fa||900&#8243; hover_enabled=&#8221;0&#8243; global_colors_info=&#8221;{}&#8221; sticky_enabled=&#8221;0&#8243;][\/et_pb_button][\/et_pb_column][\/et_pb_row][\/et_pb_section][et_pb_section fb_built=&#8221;1&#8243; _builder_version=&#8221;4.19.5&#8243; _module_preset=&#8221;default&#8221; global_colors_info=&#8221;{}&#8221;][et_pb_row _builder_version=&#8221;4.19.5&#8243; _module_preset=&#8221;default&#8221; custom_padding=&#8221;0%||0%||true|false&#8221; global_colors_info=&#8221;{}&#8221;][et_pb_column type=&#8221;4_4&#8243; _builder_version=&#8221;4.19.5&#8243; _module_preset=&#8221;default&#8221; global_colors_info=&#8221;{}&#8221;][et_pb_cta title=&#8221;Vantaggi e applicazioni della IA&#8221; _builder_version=&#8221;4.19.5&#8243; _module_preset=&#8221;default&#8221; custom_padding=&#8221;0px|0px|0px|0px|false|false&#8221; global_colors_info=&#8221;{}&#8221;][\/et_pb_cta][\/et_pb_column][\/et_pb_row][et_pb_row column_structure=&#8221;1_3,1_3,1_3&#8243; _builder_version=&#8221;4.19.5&#8243; _module_preset=&#8221;default&#8221; global_colors_info=&#8221;{}&#8221;][et_pb_column type=&#8221;1_3&#8243; _builder_version=&#8221;4.19.5&#8243; _module_preset=&#8221;default&#8221; global_colors_info=&#8221;{}&#8221;][et_pb_blurb title=&#8221;Innovazione e Miglioramento dei Processi Aziendali&#8221; use_icon=&#8221;on&#8221; font_icon=&#8221;&#xe00a;||divi||400&#8243; _builder_version=&#8221;4.19.5&#8243; _module_preset=&#8221;6e883b86-cc94-4fb4-b6bc-43f68db6cd23&#8243; global_colors_info=&#8221;{}&#8221;]<\/p>\n<p>L\u2019IA consente di ottimizzare e innovare i processi per rimanere competitivi<\/p>\n<p>[\/et_pb_blurb][\/et_pb_column][et_pb_column type=&#8221;1_3&#8243; _builder_version=&#8221;4.19.5&#8243; _module_preset=&#8221;default&#8221; global_colors_info=&#8221;{}&#8221;][et_pb_blurb title=&#8221;Sviluppo di Competenze per Competitivit\u00e0&#8221; use_icon=&#8221;on&#8221; font_icon=&#8221;&#xf5da;||fa||900&#8243; _builder_version=&#8221;4.19.5&#8243; _module_preset=&#8221;6e883b86-cc94-4fb4-b6bc-43f68db6cd23&#8243; global_colors_info=&#8221;{}&#8221;]<\/p>\n<p>Acquisire competenze specializzate per gestire l\u2019innovazione e mantenere un vantaggio competitivo<\/p>\n<p>[\/et_pb_blurb][\/et_pb_column][et_pb_column type=&#8221;1_3&#8243; _builder_version=&#8221;4.19.5&#8243; _module_preset=&#8221;default&#8221; global_colors_info=&#8221;{}&#8221;][et_pb_blurb title=&#8221;Innovazione Continua di Prodotti e Servizi&#8221; use_icon=&#8221;on&#8221; font_icon=&#8221;&#xf0eb;||fa||900&#8243; _builder_version=&#8221;4.19.5&#8243; _module_preset=&#8221;6e883b86-cc94-4fb4-b6bc-43f68db6cd23&#8243; global_colors_info=&#8221;{}&#8221;]<\/p>\n<p>Utilizzare l&#8217;IA per ideare e migliorare continuamente nuovi prodotti<\/p>\n<p>[\/et_pb_blurb][\/et_pb_column][\/et_pb_row][et_pb_row column_structure=&#8221;1_3,1_3,1_3&#8243; _builder_version=&#8221;4.19.5&#8243; _module_preset=&#8221;default&#8221; global_colors_info=&#8221;{}&#8221;][et_pb_column type=&#8221;1_3&#8243; _builder_version=&#8221;4.19.5&#8243; _module_preset=&#8221;default&#8221; global_colors_info=&#8221;{}&#8221;][et_pb_blurb title=&#8221;Espansione verso Nuovi Mercati&#8221; use_icon=&#8221;on&#8221; font_icon=&#8221;&#xf7a2;||fa||900&#8243; _builder_version=&#8221;4.19.5&#8243; _module_preset=&#8221;6e883b86-cc94-4fb4-b6bc-43f68db6cd23&#8243; global_colors_info=&#8221;{}&#8221;]<\/p>\n<p>L\u2019IA aiuta a identificare e penetrare nuovi mercati, stimolando la crescita<\/p>\n<p>[\/et_pb_blurb][\/et_pb_column][et_pb_column type=&#8221;1_3&#8243; _builder_version=&#8221;4.19.5&#8243; _module_preset=&#8221;default&#8221; global_colors_info=&#8221;{}&#8221;][et_pb_blurb title=&#8221;Automazione dei Processi e Gestione delle Risorse&#8221; use_icon=&#8221;on&#8221; font_icon=&#8221;&#xf544;||fa||900&#8243; _builder_version=&#8221;4.19.5&#8243; _module_preset=&#8221;6e883b86-cc94-4fb4-b6bc-43f68db6cd23&#8243; global_colors_info=&#8221;{}&#8221;]<\/p>\n<p>Migliorare l\u2019efficienza automatizzando processi ripetitivi e allocando risorse in modo pi\u00f9 intelligente<\/p>\n<p>[\/et_pb_blurb][\/et_pb_column][et_pb_column type=&#8221;1_3&#8243; _builder_version=&#8221;4.19.5&#8243; _module_preset=&#8221;default&#8221; global_colors_info=&#8221;{}&#8221;][et_pb_blurb title=&#8221;Scelta delle Soluzioni di IA&#8221; use_icon=&#8221;on&#8221; font_icon=&#8221;&#xf4c4;||fa||900&#8243; _builder_version=&#8221;4.19.5&#8243; _module_preset=&#8221;6e883b86-cc94-4fb4-b6bc-43f68db6cd23&#8243; global_colors_info=&#8221;{}&#8221;]<\/p>\n<p>Supportare le aziende nella scelta e installazione delle soluzioni IA pi\u00f9 adatte ai loro bisogni<\/p>\n<p>[\/et_pb_blurb][\/et_pb_column][\/et_pb_row][\/et_pb_section][et_pb_section fb_built=&#8221;1&#8243; _builder_version=&#8221;4.19.5&#8243; _module_preset=&#8221;default&#8221; global_colors_info=&#8221;{}&#8221;][et_pb_row _builder_version=&#8221;4.19.5&#8243; _module_preset=&#8221;default&#8221; global_colors_info=&#8221;{}&#8221; custom_padding__hover_enabled=&#8221;off|desktop&#8221;][et_pb_column type=&#8221;4_4&#8243; _builder_version=&#8221;4.19.4&#8243; _module_preset=&#8221;default&#8221; global_colors_info=&#8221;{}&#8221;][et_pb_cta title=&#8221;Notizie&#8221; _builder_version=&#8221;4.19.5&#8243; _module_preset=&#8221;default&#8221; header_font=&#8221;||||||||&#8221; custom_margin=&#8221;0px||0px||true|false&#8221; custom_padding=&#8221;0px|0px|0px|0px|false|false&#8221; global_colors_info=&#8221;{}&#8221;][\/et_pb_cta][difl_postgrid posts_number=&#8221;9&#8243; post_display=&#8221;by_category&#8221; include_categories=&#8221;1&#8243; equal_height=&#8221;on&#8221; column_tablet=&#8221;2&#8243; column_phone=&#8221;1&#8243; column_last_edited=&#8221;on|phone&#8221; _builder_version=&#8221;4.19.4&#8243; _module_preset=&#8221;default&#8221; border_width_right_item_outer=&#8221;1px&#8221; border_color_right_item_outer=&#8221;rgba(0,38,77,0.1)&#8221; global_colors_info=&#8221;{}&#8221;][difl_postitem type=&#8221;title&#8221; title_tag=&#8221;h3&#8243; element_margin=&#8221;||0px||false|false&#8221; element_padding=&#8221;1em||0.5em||false|false&#8221; _builder_version=&#8221;4.19.4&#8243; _module_preset=&#8221;default&#8221; post_font_style_font_size=&#8221;1.2em&#8221; post_font_style_line_height=&#8221;1em&#8221; global_colors_info=&#8221;{}&#8221;][\/difl_postitem][difl_postitem type=&#8221;date&#8221; date_format=&#8221;d\/m\/Y&#8221; _builder_version=&#8221;4.19.4&#8243; _module_preset=&#8221;default&#8221; post_font_style_text_color=&#8221;#666666&#8243; global_colors_info=&#8221;{}&#8221;][\/difl_postitem][difl_postitem type=&#8221;content&#8221; use_post_excrpt=&#8221;on&#8221; _builder_version=&#8221;4.19.4&#8243; _module_preset=&#8221;default&#8221; global_colors_info=&#8221;{}&#8221;][\/difl_postitem][\/difl_postgrid][et_pb_button button_url=&#8221;@ET-DC@eyJkeW5hbWljIjp0cnVlLCJjb250ZW50IjoicG9zdF9saW5rX3VybF9wYWdlIiwic2V0dGluZ3MiOnsicG9zdF9pZCI6IjI3NTYifX0=@&#8221; button_text=&#8221;Tutte le news&#8221; _builder_version=&#8221;4.19.5&#8243; _dynamic_attributes=&#8221;button_url&#8221; _module_preset=&#8221;default&#8221; button_icon=&#8221;&#xf1ea;||fa||900&#8243; global_colors_info=&#8221;{}&#8221;][\/et_pb_button][\/et_pb_column][\/et_pb_row][\/et_pb_section]<\/p>\n","protected":false},"excerpt":{"rendered":"<p>L&#8217;International School in Digital Governance \u00e8 un&#8217;iniziativa dell&#8217;Universit\u00e0 di Pavia ed \u00e8 progettata per preparare professionisti e futuri leader alla gestione dei processi di innovazione all&#8217;interno delle aziende e delle organizzazioni, con l\u2019obiettivo di migliorare competitivit\u00e0 ed efficienza. Il programma \u00e8 incentrato sul ruolo fondamentale che le tecnologie digitali \u2013 in particolare l\u2019intelligenza artificiale, i [&hellip;]<\/p>\n","protected":false},"author":1,"featured_media":0,"parent":0,"menu_order":0,"comment_status":"closed","ping_status":"closed","template":"","meta":{"_et_pb_use_builder":"on","_et_pb_old_content":"","_et_gb_content_width":"","footnotes":""},"class_list":["post-32","page","type-page","status-publish","hentry"],"_links":{"self":[{"href":"https:\/\/digitalgovernance.unipv.it\/edizione-3\/wp-json\/wp\/v2\/pages\/32"}],"collection":[{"href":"https:\/\/digitalgovernance.unipv.it\/edizione-3\/wp-json\/wp\/v2\/pages"}],"about":[{"href":"https:\/\/digitalgovernance.unipv.it\/edizione-3\/wp-json\/wp\/v2\/types\/page"}],"author":[{"embeddable":true,"href":"https:\/\/digitalgovernance.unipv.it\/edizione-3\/wp-json\/wp\/v2\/users\/1"}],"replies":[{"embeddable":true,"href":"https:\/\/digitalgovernance.unipv.it\/edizione-3\/wp-json\/wp\/v2\/comments?post=32"}],"version-history":[{"count":450,"href":"https:\/\/digitalgovernance.unipv.it\/edizione-3\/wp-json\/wp\/v2\/pages\/32\/revisions"}],"predecessor-version":[{"id":4708,"href":"https:\/\/digitalgovernance.unipv.it\/edizione-3\/wp-json\/wp\/v2\/pages\/32\/revisions\/4708"}],"wp:attachment":[{"href":"https:\/\/digitalgovernance.unipv.it\/edizione-3\/wp-json\/wp\/v2\/media?parent=32"}],"curies":[{"name":"wp","href":"https:\/\/api.w.org\/{rel}","templated":true}]}}